{"id":1866,"date":"2021-04-15T03:32:43","date_gmt":"2021-04-15T03:32:43","guid":{"rendered":"https:\/\/apusthemes.com\/wp-demo\/superio\/?page_id=1866"},"modified":"2026-03-31T15:48:24","modified_gmt":"2026-03-31T13:48:24","slug":"appels-doffres","status":"publish","type":"page","link":"https:\/\/intercontactservices.com\/en\/appels-doffres\/","title":{"rendered":"Calls for tenders"},"content":{"rendered":"<p data-pm-slice=\"1 1 []\"><div class=\"jobs-listing-wrapper main-items-wrapper\" data-display_mode=\"list\">\n\t<div class=\"jobs-alert-ordering-wrapper\">\n<div class=\"results-count\">\n\tShowing <span class=\"first\">1<\/span> &ndash; <span class=\"last\">10<\/span> of 13 results<\/div><div class=\"jobs-ordering-wrapper\">\n\t<form class=\"jobs-ordering\" method=\"get\" action=\"https:\/\/intercontactservices.com\/en\/appels-doffres\/\" data-trp-original-action=\"https:\/\/intercontactservices.com\/en\/appels-doffres\/\">\n\t\t<select name=\"filter-orderby\" class=\"orderby\" data-placeholder=\"Sort by\">\n\t\t\t\t\t\t\t<option value=\"menu_order\"  selected='selected'>Sort by (Default)<\/option>\n\t\t\t\t\t\t\t<option value=\"newest\" >Newest<\/option>\n\t\t\t\t\t\t\t<option value=\"oldest\" >Oldest<\/option>\n\t\t\t\t\t\t\t<option value=\"random\" >Random<\/option>\n\t\t\t\t\t<\/select>\n\t\t<input type=\"hidden\" name=\"paged\" value=\"1\" \/>\n\t\t\t<input type=\"hidden\" name=\"trp-form-language\" value=\"en\"\/><\/form>\n<\/div>\n    <form method=\"get\" action=\"https:\/\/intercontactservices.com\/en\/appels-doffres\/\" class=\"form-superio-ppp\" data-trp-original-action=\"https:\/\/intercontactservices.com\/en\/appels-doffres\/\">\r\n        \r\n    \t<select name=\"jobs_ppp\" onchange=\"this.form.submit()\">\r\n                            <option value=\"10\"  selected='selected'>\r\n                \t10 Per Page                <\/option>\r\n                            <option value=\"-1\" >\r\n                \tAll                <\/option>\r\n                    <\/select>\r\n\r\n        <input type=\"hidden\" name=\"paged\" value=\"1\" \/>\r\n\t\t    <input type=\"hidden\" name=\"trp-form-language\" value=\"en\"\/><\/form>\r\n    <\/div>\n\n\t\t\t\t\t\t\n\t\t\t<div class=\"jobs-wrapper items-wrapper\">\n\t\t\t\t\t\t\t\t<div class=\"row items-wrapper-list\">\n\t\t\t\t\t\t\t\t\t\t\t<div class=\"item-job col-sm-12 col-md-12 col-xs-12 lg-clearfix md-clearfix\">\n\t\t\t\t\t\t\t<article id=\"post-9220\" class=\"map-item layout-job job-list default post-9220 job_listing type-job_listing status-publish hentry\" data-latitude=\"\" data-longitude=\"\" data-img=\"https:\/\/intercontactservices.com\/wp-content\/uploads\/2026\/04\/PFCIGL-II-1-150x149.jpg\">\r\n    <div class=\"clearfix\">\r\n        <a href=\"javascript:void(0);\" class=\"btn-follow btn-action-job btn-add-job-shortlist\" data-job_id=\"9220\" data-nonce=\"df977c6cc2\"><i class=\"flaticon-bookmark\"><\/i><\/a>        <div class=\"employer-logo\">\r\n    \t        \t<a href=\"https:\/\/intercontactservices.com\/en\/job\/travaux-damenagement-et-de-modernisation-du-poste-frontiere-a-arret-unique-de-mparambo_bi-bi-mof-544976-cw-rfb\/\">\r\n                \t\t<img decoding=\"async\" width=\"150\" height=\"149\" src=\"https:\/\/intercontactservices.com\/wp-content\/uploads\/2026\/04\/PFCIGL-II-1-150x149.jpg\" class=\"attachment-thumbnail size-thumbnail\" alt=\"\" \/>                \t<\/a>\r\n            <\/div>        <div class=\"job-list-content\">\r\n            <div class=\"title-wrapper flex-middle-sm\">\r\n                <h2 class=\"job-title\"><a href=\"https:\/\/intercontactservices.com\/en\/job\/travaux-damenagement-et-de-modernisation-du-poste-frontiere-a-arret-unique-de-mparambo_bi-bi-mof-544976-cw-rfb\/\" rel=\"bookmark\">Travaux d&rsquo;Am\u00e9nagement et de Modernisation du Poste Fronti\u00e8re \u00e0 Arr\u00eat Unique de MPARAMBO_BI-BI-MOF-544976-CW-RFB<\/a><\/h2>                                \r\n                            <\/div>\r\n            <div class=\"job-metas\">\r\n                                                            <\/div>\r\n            <div class=\"job-metas-bottom\">\r\n                                            <\/div>\r\n        <\/div>\r\n    <\/div>\r\n<\/article><!-- #post-## -->\r\n\t\t\t\t\t\t<\/div>\n\t\t\t\t\t\t\t\t\t\t\t<div class=\"item-job col-sm-12 col-md-12 col-xs-12 lg-clearfix md-clearfix\">\n\t\t\t\t\t\t\t<article id=\"post-9187\" class=\"map-item layout-job job-list default post-9187 job_listing type-job_listing status-publish hentry job_listing_category-appels-doffres\" data-latitude=\"\" data-longitude=\"\" data-img=\"https:\/\/intercontactservices.com\/wp-content\/uploads\/2026\/03\/images-3.png\">\r\n    <div class=\"clearfix\">\r\n        <a href=\"javascript:void(0);\" class=\"btn-follow btn-action-job btn-add-job-shortlist\" data-job_id=\"9187\" data-nonce=\"df977c6cc2\"><i class=\"flaticon-bookmark\"><\/i><\/a>        <div class=\"employer-logo\">\r\n    \t        \t<a href=\"https:\/\/intercontactservices.com\/en\/job\/un-consultant-individuel-pour-lelaboration-du-manuel-de-procedures-administratives-et-financieres-du-projet-dappui-a-linclusion-financiere-agricole-et-rurale-du-burundi\/\">\r\n                \t\t<img decoding=\"async\" width=\"150\" height=\"118\" src=\"https:\/\/intercontactservices.com\/wp-content\/uploads\/2026\/03\/images-3.png\" class=\"attachment-thumbnail size-thumbnail\" alt=\"\" \/>                \t<\/a>\r\n            <\/div>        <div class=\"job-list-content\">\r\n            <div class=\"title-wrapper flex-middle-sm\">\r\n                <h2 class=\"job-title\"><a href=\"https:\/\/intercontactservices.com\/en\/job\/un-consultant-individuel-pour-lelaboration-du-manuel-de-procedures-administratives-et-financieres-du-projet-dappui-a-linclusion-financiere-agricole-et-rurale-du-burundi\/\" rel=\"bookmark\">Un consultant individuel pour l\u2019\u00e9laboration du manuel de proc\u00e9dures administratives et financi\u00e8res du projet d\u2019appui \u00e0 l\u2019inclusion financi\u00e8re agricole et rurale du BURUNDI \u00ab PAIFAR-B\u00bb<\/a><\/h2>                                \r\n                            <\/div>\r\n            <div class=\"job-metas\">\r\n                \t\t<div class=\"category-job\">\r\n\t\t\t\t\t\t\t<div class=\"job-category with-icon\">\r\n\t\t\t\t\t\t\t\t\t\t<i class=\"flaticon-briefcase-1\"><\/i>\r\n\t\t\t\t\t\t\t\t\t\t\t\t\t\t\t\t<a href=\"https:\/\/intercontactservices.com\/en\/job-category\/appels-doffres\/\" style=\"\">Appels d&#039;offres<\/a>\r\n\t\t\t\t\t\t\t\r\n\t\t        \t\t    \t<\/div>\r\n\t    <\/div>\r\n    \t                                            <\/div>\r\n            <div class=\"job-metas-bottom\">\r\n                                            <\/div>\r\n        <\/div>\r\n    <\/div>\r\n<\/article><!-- #post-## -->\r\n\t\t\t\t\t\t<\/div>\n\t\t\t\t\t\t\t\t\t\t\t<div class=\"item-job col-sm-12 col-md-12 col-xs-12 lg-clearfix md-clearfix\">\n\t\t\t\t\t\t\t<article id=\"post-9162\" class=\"map-item layout-job job-list default post-9162 job_listing type-job_listing status-publish hentry job_listing_category-appels-doffres\" data-latitude=\"\" data-longitude=\"\" data-img=\"https:\/\/intercontactservices.com\/wp-content\/uploads\/2026\/04\/images-7-1.png\">\r\n    <div class=\"clearfix\">\r\n        <a href=\"javascript:void(0);\" class=\"btn-follow btn-action-job btn-add-job-shortlist\" data-job_id=\"9162\" data-nonce=\"df977c6cc2\"><i class=\"flaticon-bookmark\"><\/i><\/a>        <div class=\"employer-logo\">\r\n    \t        \t<a href=\"https:\/\/intercontactservices.com\/en\/job\/avis-dappel-doffre-pour-la-fourniture-des-services-dhotellerie-n03-04-26-proc\/\">\r\n                \t\t<img decoding=\"async\" width=\"150\" height=\"150\" src=\"https:\/\/intercontactservices.com\/wp-content\/uploads\/2026\/04\/images-7-1.png\" class=\"attachment-thumbnail size-thumbnail\" alt=\"\" \/>                \t<\/a>\r\n            <\/div>        <div class=\"job-list-content\">\r\n            <div class=\"title-wrapper flex-middle-sm\">\r\n                <h2 class=\"job-title\"><a href=\"https:\/\/intercontactservices.com\/en\/job\/avis-dappel-doffre-pour-la-fourniture-des-services-dhotellerie-n03-04-26-proc\/\" rel=\"bookmark\">Avis d\u2019appel d\u2019offre pour la fourniture des services d\u2019h\u00f4tellerie N\u00b003\/04-26\/ PROC<\/a><\/h2>                                \r\n                            <\/div>\r\n            <div class=\"job-metas\">\r\n                \t\t<div class=\"category-job\">\r\n\t\t\t\t\t\t\t<div class=\"job-category with-icon\">\r\n\t\t\t\t\t\t\t\t\t\t<i class=\"flaticon-briefcase-1\"><\/i>\r\n\t\t\t\t\t\t\t\t\t\t\t\t\t\t\t\t<a href=\"https:\/\/intercontactservices.com\/en\/job-category\/appels-doffres\/\" style=\"\">Appels d&#039;offres<\/a>\r\n\t\t\t\t\t\t\t\r\n\t\t        \t\t    \t<\/div>\r\n\t    <\/div>\r\n    \t                                            <\/div>\r\n            <div class=\"job-metas-bottom\">\r\n                                            <\/div>\r\n        <\/div>\r\n    <\/div>\r\n<\/article><!-- #post-## -->\r\n\t\t\t\t\t\t<\/div>\n\t\t\t\t\t\t\t\t\t\t\t<div class=\"item-job col-sm-12 col-md-12 col-xs-12 lg-clearfix md-clearfix\">\n\t\t\t\t\t\t\t<article id=\"post-9157\" class=\"map-item layout-job job-list default post-9157 job_listing type-job_listing status-publish hentry\" data-latitude=\"\" data-longitude=\"\" data-img=\"https:\/\/intercontactservices.com\/wp-content\/uploads\/2026\/04\/images-6.png\">\r\n    <div class=\"clearfix\">\r\n        <a href=\"javascript:void(0);\" class=\"btn-follow btn-action-job btn-add-job-shortlist\" data-job_id=\"9157\" data-nonce=\"df977c6cc2\"><i class=\"flaticon-bookmark\"><\/i><\/a>        <div class=\"employer-logo\">\r\n    \t        \t<a href=\"https:\/\/intercontactservices.com\/en\/job\/avis-dappel-doffres_audit-externe-des-etats-financiers-de-lifenet-international-pour-lannee-2025\/\">\r\n                \t\t<img loading=\"lazy\" decoding=\"async\" width=\"150\" height=\"150\" src=\"https:\/\/intercontactservices.com\/wp-content\/uploads\/2026\/04\/images-6.png\" class=\"attachment-thumbnail size-thumbnail\" alt=\"\" \/>                \t<\/a>\r\n            <\/div>        <div class=\"job-list-content\">\r\n            <div class=\"title-wrapper flex-middle-sm\">\r\n                <h2 class=\"job-title\"><a href=\"https:\/\/intercontactservices.com\/en\/job\/avis-dappel-doffres_audit-externe-des-etats-financiers-de-lifenet-international-pour-lannee-2025\/\" rel=\"bookmark\">Avis d\u2019appel d\u2019offres_Audit externe des \u00e9tats financiers de Lifenet International pour l\u2019ann\u00e9e 2025<\/a><\/h2>                                \r\n                            <\/div>\r\n            <div class=\"job-metas\">\r\n                                                            <\/div>\r\n            <div class=\"job-metas-bottom\">\r\n                                            <\/div>\r\n        <\/div>\r\n    <\/div>\r\n<\/article><!-- #post-## -->\r\n\t\t\t\t\t\t<\/div>\n\t\t\t\t\t\t\t\t\t\t\t<div class=\"item-job col-sm-12 col-md-12 col-xs-12 lg-clearfix md-clearfix\">\n\t\t\t\t\t\t\t<article id=\"post-9154\" class=\"map-item layout-job job-list default post-9154 job_listing type-job_listing status-publish hentry\" data-latitude=\"\" data-longitude=\"\" data-img=\"https:\/\/intercontactservices.com\/wp-content\/uploads\/2026\/04\/Cordaid-1.png\">\r\n    <div class=\"clearfix\">\r\n        <a href=\"javascript:void(0);\" class=\"btn-follow btn-action-job btn-add-job-shortlist\" data-job_id=\"9154\" data-nonce=\"df977c6cc2\"><i class=\"flaticon-bookmark\"><\/i><\/a>        <div class=\"employer-logo\">\r\n    \t        \t<a href=\"https:\/\/intercontactservices.com\/en\/job\/avis-dappel-doffres-ouvert-national-pour-le-recrutement-dun-cabinet-daudit-dudit-projet-pour-la-periode-du-1er-janvier-2025-au-30-juin-2026\/\">\r\n                \t\t<img loading=\"lazy\" decoding=\"async\" width=\"150\" height=\"73\" src=\"https:\/\/intercontactservices.com\/wp-content\/uploads\/2026\/04\/Cordaid-1.png\" class=\"attachment-thumbnail size-thumbnail\" alt=\"\" \/>                \t<\/a>\r\n            <\/div>        <div class=\"job-list-content\">\r\n            <div class=\"title-wrapper flex-middle-sm\">\r\n                <h2 class=\"job-title\"><a href=\"https:\/\/intercontactservices.com\/en\/job\/avis-dappel-doffres-ouvert-national-pour-le-recrutement-dun-cabinet-daudit-dudit-projet-pour-la-periode-du-1er-janvier-2025-au-30-juin-2026\/\" rel=\"bookmark\">Avis d\u2019appel d\u2019offres ouvert national pour le recrutement d\u2019un cabinet d\u2019audit dudit projet pour la p\u00e9riode du 1er janvier 2025 au 30 juin 2026<\/a><\/h2>                                \r\n                            <\/div>\r\n            <div class=\"job-metas\">\r\n                                                            <\/div>\r\n            <div class=\"job-metas-bottom\">\r\n                                            <\/div>\r\n        <\/div>\r\n    <\/div>\r\n<\/article><!-- #post-## -->\r\n\t\t\t\t\t\t<\/div>\n\t\t\t\t\t\t\t\t\t\t\t<div class=\"item-job col-sm-12 col-md-12 col-xs-12 lg-clearfix md-clearfix\">\n\t\t\t\t\t\t\t<article id=\"post-9141\" class=\"map-item layout-job job-list default post-9141 job_listing type-job_listing status-publish hentry\" data-latitude=\"\" data-longitude=\"\" data-img=\"https:\/\/intercontactservices.com\/wp-content\/uploads\/2026\/04\/images-1.png\">\r\n    <div class=\"clearfix\">\r\n        <a href=\"javascript:void(0);\" class=\"btn-follow btn-action-job btn-add-job-shortlist\" data-job_id=\"9141\" data-nonce=\"df977c6cc2\"><i class=\"flaticon-bookmark\"><\/i><\/a>        <div class=\"employer-logo\">\r\n    \t        \t<a href=\"https:\/\/intercontactservices.com\/en\/job\/avis-dappel-doffres-national-ouvert-pour-la-fourniture-des-intrants-nutritionnels\/\">\r\n                \t\t<img loading=\"lazy\" decoding=\"async\" width=\"150\" height=\"74\" src=\"https:\/\/intercontactservices.com\/wp-content\/uploads\/2026\/04\/images-1.png\" class=\"attachment-thumbnail size-thumbnail\" alt=\"\" \/>                \t<\/a>\r\n            <\/div>        <div class=\"job-list-content\">\r\n            <div class=\"title-wrapper flex-middle-sm\">\r\n                <h2 class=\"job-title\"><a href=\"https:\/\/intercontactservices.com\/en\/job\/avis-dappel-doffres-national-ouvert-pour-la-fourniture-des-intrants-nutritionnels\/\" rel=\"bookmark\">Avis d\u2019appel d\u2019offres (national ouvert) pour la fourniture Des intrants nutritionnels<\/a><\/h2>                                \r\n                            <\/div>\r\n            <div class=\"job-metas\">\r\n                                                            <\/div>\r\n            <div class=\"job-metas-bottom\">\r\n                                            <\/div>\r\n        <\/div>\r\n    <\/div>\r\n<\/article><!-- #post-## -->\r\n\t\t\t\t\t\t<\/div>\n\t\t\t\t\t\t\t\t\t\t\t<div class=\"item-job col-sm-12 col-md-12 col-xs-12 lg-clearfix md-clearfix\">\n\t\t\t\t\t\t\t<article id=\"post-9138\" class=\"map-item layout-job job-list default post-9138 job_listing type-job_listing status-publish hentry job_listing_category-appels-doffres\" data-latitude=\"\" data-longitude=\"\" data-img=\"https:\/\/intercontactservices.com\/wp-content\/uploads\/2026\/04\/IITA_04-300x136-1.png\">\r\n    <div class=\"clearfix\">\r\n        <a href=\"javascript:void(0);\" class=\"btn-follow btn-action-job btn-add-job-shortlist\" data-job_id=\"9138\" data-nonce=\"df977c6cc2\"><i class=\"flaticon-bookmark\"><\/i><\/a>        <div class=\"employer-logo\">\r\n    \t        \t<a href=\"https:\/\/intercontactservices.com\/en\/job\/disposal-of-vehicle\/\">\r\n                \t\t<img loading=\"lazy\" decoding=\"async\" width=\"150\" height=\"68\" src=\"https:\/\/intercontactservices.com\/wp-content\/uploads\/2026\/04\/IITA_04-300x136-1.png\" class=\"attachment-thumbnail size-thumbnail\" alt=\"\" \/>                \t<\/a>\r\n            <\/div>        <div class=\"job-list-content\">\r\n            <div class=\"title-wrapper flex-middle-sm\">\r\n                <h2 class=\"job-title\"><a href=\"https:\/\/intercontactservices.com\/en\/job\/disposal-of-vehicle\/\" rel=\"bookmark\">Disposal of vehicle<\/a><\/h2>                                \r\n                            <\/div>\r\n            <div class=\"job-metas\">\r\n                \t\t<div class=\"category-job\">\r\n\t\t\t\t\t\t\t<div class=\"job-category with-icon\">\r\n\t\t\t\t\t\t\t\t\t\t<i class=\"flaticon-briefcase-1\"><\/i>\r\n\t\t\t\t\t\t\t\t\t\t\t\t\t\t\t\t<a href=\"https:\/\/intercontactservices.com\/en\/job-category\/appels-doffres\/\" style=\"\">Appels d&#039;offres<\/a>\r\n\t\t\t\t\t\t\t\r\n\t\t        \t\t    \t<\/div>\r\n\t    <\/div>\r\n    \t                                            <\/div>\r\n            <div class=\"job-metas-bottom\">\r\n                                            <\/div>\r\n        <\/div>\r\n    <\/div>\r\n<\/article><!-- #post-## -->\r\n\t\t\t\t\t\t<\/div>\n\t\t\t\t\t\t\t\t\t\t\t<div class=\"item-job col-sm-12 col-md-12 col-xs-12 lg-clearfix md-clearfix\">\n\t\t\t\t\t\t\t<article id=\"post-9129\" class=\"map-item layout-job job-list default post-9129 job_listing type-job_listing status-publish hentry job_listing_category-appels-doffres\" data-latitude=\"\" data-longitude=\"\" data-img=\"https:\/\/intercontactservices.com\/wp-content\/uploads\/2026\/04\/Cordaid-1.png\">\r\n    <div class=\"clearfix\">\r\n        <a href=\"javascript:void(0);\" class=\"btn-follow btn-action-job btn-add-job-shortlist\" data-job_id=\"9129\" data-nonce=\"df977c6cc2\"><i class=\"flaticon-bookmark\"><\/i><\/a>        <div class=\"employer-logo\">\r\n    \t        \t<a href=\"https:\/\/intercontactservices.com\/en\/job\/un-controleur-du-projet-twuzuzanye\/\">\r\n                \t\t<img loading=\"lazy\" decoding=\"async\" width=\"150\" height=\"73\" src=\"https:\/\/intercontactservices.com\/wp-content\/uploads\/2026\/04\/Cordaid-1.png\" class=\"attachment-thumbnail size-thumbnail\" alt=\"\" \/>                \t<\/a>\r\n            <\/div>        <div class=\"job-list-content\">\r\n            <div class=\"title-wrapper flex-middle-sm\">\r\n                <h2 class=\"job-title\"><a href=\"https:\/\/intercontactservices.com\/en\/job\/un-controleur-du-projet-twuzuzanye\/\" rel=\"bookmark\">Un Contr\u00f4leur du projet TWUZUZANYE<\/a><\/h2>                                \r\n                            <\/div>\r\n            <div class=\"job-metas\">\r\n                \t\t<div class=\"category-job\">\r\n\t\t\t\t\t\t\t<div class=\"job-category with-icon\">\r\n\t\t\t\t\t\t\t\t\t\t<i class=\"flaticon-briefcase-1\"><\/i>\r\n\t\t\t\t\t\t\t\t\t\t\t\t\t\t\t\t<a href=\"https:\/\/intercontactservices.com\/en\/job-category\/appels-doffres\/\" style=\"\">Appels d&#039;offres<\/a>\r\n\t\t\t\t\t\t\t\r\n\t\t        \t\t    \t<\/div>\r\n\t    <\/div>\r\n    \t                                            <\/div>\r\n            <div class=\"job-metas-bottom\">\r\n                                            <\/div>\r\n        <\/div>\r\n    <\/div>\r\n<\/article><!-- #post-## -->\r\n\t\t\t\t\t\t<\/div>\n\t\t\t\t\t\t\t\t\t\t\t<div class=\"item-job col-sm-12 col-md-12 col-xs-12 lg-clearfix md-clearfix\">\n\t\t\t\t\t\t\t<article id=\"post-9125\" class=\"map-item layout-job job-list default post-9125 job_listing type-job_listing status-publish hentry job_listing_category-appels-doffres\" data-latitude=\"\" data-longitude=\"\" data-img=\"https:\/\/intercontactservices.com\/wp-content\/uploads\/2026\/04\/LC_ong_uclouvain_FR_2.png\">\r\n    <div class=\"clearfix\">\r\n        <a href=\"javascript:void(0);\" class=\"btn-follow btn-action-job btn-add-job-shortlist\" data-job_id=\"9125\" data-nonce=\"df977c6cc2\"><i class=\"flaticon-bookmark\"><\/i><\/a>        <div class=\"employer-logo\">\r\n    \t        \t<a href=\"https:\/\/intercontactservices.com\/en\/job\/consultant-maison-dinfographie-pour-la-conception-graphique-et-la-mise-en-page-de-livres\/\">\r\n                \t\t<img loading=\"lazy\" decoding=\"async\" width=\"150\" height=\"62\" src=\"https:\/\/intercontactservices.com\/wp-content\/uploads\/2026\/04\/LC_ong_uclouvain_FR_2.png\" class=\"attachment-thumbnail size-thumbnail\" alt=\"\" \/>                \t<\/a>\r\n            <\/div>        <div class=\"job-list-content\">\r\n            <div class=\"title-wrapper flex-middle-sm\">\r\n                <h2 class=\"job-title\"><a href=\"https:\/\/intercontactservices.com\/en\/job\/consultant-maison-dinfographie-pour-la-conception-graphique-et-la-mise-en-page-de-livres\/\" rel=\"bookmark\">Consultant \/ Maison d\u2019Infographie pour la Conception Graphique et la Mise en Page de Livres<\/a><\/h2>                                \r\n                            <\/div>\r\n            <div class=\"job-metas\">\r\n                \t\t<div class=\"category-job\">\r\n\t\t\t\t\t\t\t<div class=\"job-category with-icon\">\r\n\t\t\t\t\t\t\t\t\t\t<i class=\"flaticon-briefcase-1\"><\/i>\r\n\t\t\t\t\t\t\t\t\t\t\t\t\t\t\t\t<a href=\"https:\/\/intercontactservices.com\/en\/job-category\/appels-doffres\/\" style=\"\">Appels d&#039;offres<\/a>\r\n\t\t\t\t\t\t\t\r\n\t\t        \t\t    \t<\/div>\r\n\t    <\/div>\r\n    \t                                            <\/div>\r\n            <div class=\"job-metas-bottom\">\r\n                                            <\/div>\r\n        <\/div>\r\n    <\/div>\r\n<\/article><!-- #post-## -->\r\n\t\t\t\t\t\t<\/div>\n\t\t\t\t\t\t\t\t\t\t\t<div class=\"item-job col-sm-12 col-md-12 col-xs-12 lg-clearfix md-clearfix\">\n\t\t\t\t\t\t\t<article id=\"post-9122\" class=\"map-item layout-job job-list default post-9122 job_listing type-job_listing status-publish hentry job_listing_category-appels-doffres\" data-latitude=\"\" data-longitude=\"\" data-img=\"https:\/\/intercontactservices.com\/wp-content\/uploads\/2026\/04\/Cordaid-1.png\">\r\n    <div class=\"clearfix\">\r\n        <a href=\"javascript:void(0);\" class=\"btn-follow btn-action-job btn-add-job-shortlist\" data-job_id=\"9122\" data-nonce=\"df977c6cc2\"><i class=\"flaticon-bookmark\"><\/i><\/a>        <div class=\"employer-logo\">\r\n    \t        \t<a href=\"https:\/\/intercontactservices.com\/en\/job\/un-des-consultant-s-ou-cabinets-de-consultants_conduire-levaluation-finale-du-projet\/\">\r\n                \t\t<img loading=\"lazy\" decoding=\"async\" width=\"150\" height=\"73\" src=\"https:\/\/intercontactservices.com\/wp-content\/uploads\/2026\/04\/Cordaid-1.png\" class=\"attachment-thumbnail size-thumbnail\" alt=\"\" \/>                \t<\/a>\r\n            <\/div>        <div class=\"job-list-content\">\r\n            <div class=\"title-wrapper flex-middle-sm\">\r\n                <h2 class=\"job-title\"><a href=\"https:\/\/intercontactservices.com\/en\/job\/un-des-consultant-s-ou-cabinets-de-consultants_conduire-levaluation-finale-du-projet\/\" rel=\"bookmark\">Un (des) consultant (s) ou cabinet(s) de consultants_Conduire l\u2019\u00e9valuation finale du projet<\/a><\/h2>                                \r\n                            <\/div>\r\n            <div class=\"job-metas\">\r\n                \t\t<div class=\"category-job\">\r\n\t\t\t\t\t\t\t<div class=\"job-category with-icon\">\r\n\t\t\t\t\t\t\t\t\t\t<i class=\"flaticon-briefcase-1\"><\/i>\r\n\t\t\t\t\t\t\t\t\t\t\t\t\t\t\t\t<a href=\"https:\/\/intercontactservices.com\/en\/job-category\/appels-doffres\/\" style=\"\">Appels d&#039;offres<\/a>\r\n\t\t\t\t\t\t\t\r\n\t\t        \t\t    \t<\/div>\r\n\t    <\/div>\r\n    \t                                            <\/div>\r\n            <div class=\"job-metas-bottom\">\r\n                                            <\/div>\r\n        <\/div>\r\n    <\/div>\r\n<\/article><!-- #post-## -->\r\n\t\t\t\t\t\t<\/div>\n\t\t\t\t\t\t\t\t\t<\/div>\n\t\t\t<\/div>\n\n\t\t\t\n\t\n\t<\/div><div class=\"jobs-pagination-wrapper main-pagination-wrapper\">\n\t<ul class=\"pagination\"><li><span aria-current=\"page\" class=\"page-numbers current\">1<\/span><\/li><li><a class=\"page-numbers\" href=\"https:\/\/intercontactservices.com\/en\/wp-json\/wp\/v2\/pages\/1866\/page\/2\/\">2<\/a><\/li><li><a class=\"next page-numbers\" href=\"https:\/\/intercontactservices.com\/en\/wp-json\/wp\/v2\/pages\/1866\/page\/2\/\"><i class=\"ti-arrow-right\"><\/i><\/a><\/li><\/ul><\/div><\/p>\n\n\n<p><\/p>","protected":false},"excerpt":{"rendered":"","protected":false},"author":1,"featured_media":0,"parent":0,"menu_order":0,"comment_status":"closed","ping_status":"closed","template":"page-jobs.php","meta":{"_monsterinsights_skip_tracking":false,"_monsterinsights_sitenote_active":false,"_monsterinsights_sitenote_note":"","_monsterinsights_sitenote_category":0,"footnotes":""},"class_list":["post-1866","page","type-page","status-publish","hentry"],"aioseo_notices":[],"_links":{"self":[{"href":"https:\/\/intercontactservices.com\/en\/wp-json\/wp\/v2\/pages\/1866","targetHints":{"allow":["GET"]}}],"collection":[{"href":"https:\/\/intercontactservices.com\/en\/wp-json\/wp\/v2\/pages"}],"about":[{"href":"https:\/\/intercontactservices.com\/en\/wp-json\/wp\/v2\/types\/page"}],"author":[{"embeddable":true,"href":"https:\/\/intercontactservices.com\/en\/wp-json\/wp\/v2\/users\/1"}],"replies":[{"embeddable":true,"href":"https:\/\/intercontactservices.com\/en\/wp-json\/wp\/v2\/comments?post=1866"}],"version-history":[{"count":5,"href":"https:\/\/intercontactservices.com\/en\/wp-json\/wp\/v2\/pages\/1866\/revisions"}],"predecessor-version":[{"id":8940,"href":"https:\/\/intercontactservices.com\/en\/wp-json\/wp\/v2\/pages\/1866\/revisions\/8940"}],"wp:attachment":[{"href":"https:\/\/intercontactservices.com\/en\/wp-json\/wp\/v2\/media?parent=1866"}],"curies":[{"name":"wp","href":"https:\/\/api.w.org\/{rel}","templated":true}]}}