{"id":69,"date":"2015-10-07T17:11:55","date_gmt":"2015-10-07T17:11:55","guid":{"rendered":"http:\/\/broker.commercegurus.com\/?page_id=69"},"modified":"2020-08-27T13:34:49","modified_gmt":"2020-08-27T13:34:49","slug":"about-us","status":"publish","type":"page","link":"https:\/\/intercontactservices.com\/interhuman\/about-us\/","title":{"rendered":"Qui sommes-nous"},"content":{"rendered":"<p>[vc_row type=&#8221;container&#8221; padding_top=&#8221;&#8221; padding_bottom=&#8221;&#8221; css=&#8221;.vc_custom_1444733628179{padding-top: 50px !important;}&#8221;][vc_column][vc_column_text]INTERCONTACT SERVICES est une entreprise de services cr\u00e9\u00e9e en 1982 \u00e0 partir de l\u2019id\u00e9e de mettre en place une structure l\u00e9g\u00e8re, flexible et cr\u00e9dible susceptible de devenir avec le temps un \u00ab ONE STOP SHOP\/ GUICHET UNIQUE \u00bb\u00a0 pour les hommes d\u2019affaires en g\u00e9n\u00e9ral et \u00e9trangers en particulier.<\/p>\n<p>Cette id\u00e9e s\u2019est transform\u00e9e tr\u00e8s rapidement en une solide r\u00e9alit\u00e9\u00a0 gr\u00e2ce au soutien des repr\u00e9sentants de la Banque Mondiale et de la Caisse Centrale de Coop\u00e9ration Economique (CCCE) devenue depuis lors l\u2019Agence Fran\u00e7aise de D\u00e9veloppement (AFD). En effet, ces deux institutions qui \u00e9taient les principaux bailleurs de fonds des barrages de RWEGURA au Burundi et RUZIZI II \u00e0 l\u2019Est de la R\u00e9publique D\u00e9mocratique du Congo (RDC) nous recommandaient chaleureusement aux diff\u00e9rentes multinationales impliqu\u00e9es dans ces grands projets.<\/p>\n<p>L\u2019approche globale et int\u00e9gr\u00e9e des services juridiques, administratifs et logistiques s\u2019est impos\u00e9e.\u00a0Le contexte tr\u00e8s difficile survenu en octobre 1993 a bris\u00e9 l\u2019\u00e9lan des activit\u00e9s devenues profitables. Toutefois, l\u2019entreprise a surv\u00e9cu en mettant \u00e0 la disposition des nombreuses ONGs internationales arriv\u00e9es massivement pour travailler au Burundi, le savoir-faire acquis en prestant pour un secteur priv\u00e9 national et international tr\u00e8s exigeant.<\/p>\n<p>C\u2019est progressivement que les missions diplomatiques et les diff\u00e9rents bailleurs de fonds se sont int\u00e9ress\u00e9s \u00e0 nos services dont elles recherchaient la qualit\u00e9. Le profil du fondateur, Monsieur Bonaventure NICIMPAYE, Juriste sp\u00e9cialis\u00e9 en Relations Internationales ouvert sur le monde \u00e9conomique, diplomatique et universitaire a contribu\u00e9 \u00e0 cette \u00e9volution.<\/p>\n<p>Aujourd\u2019hui, INTERCONTACT SERVICES est reconnue pour sa politique constante d\u2019<strong>Efficacit\u00e9<\/strong> dans la <strong>Transparence<\/strong> et l\u2019<strong>Int\u00e9grit\u00e9<\/strong>. Elle est fi\u00e8re de compter parmi ses r\u00e9f\u00e9rences des clients et partenaires aussi bien des entreprises nationales et multinationales que des organisations internationales prestigieuses dans deux d\u00e9partements:<\/p>\n<ul>\n<li><strong>InterHuman<\/strong>, Services des Ressources Humaines\u00a0&#8211; Ambassade de Belgique, Ambassade des Pays-Bas, BANQUE\u00a0MONDIALE, BCB, BRB ECOBANK, FIDA, FMI,\u00a0 KCB, PNUD,\u00a0 ROCA GOLF HOTEL, UNHCR, \u00a0Trade Mark,&#8230;<\/li>\n<li><strong>InterImmo<\/strong>, Services Immobiliers &#8211; Ambassade des Etats-unis d\u2019Am\u00e9rique, Ambassade de France, Ambassade du Kenya, Ambassade des Pays-Bas, BANCOBU, Knigth Frank International SOCABU, Union Europ\u00e9enne,&#8230;<\/li>\n<\/ul>\n<p>Les perspectives d\u2019avenir s\u2019annoncent prometteuses car INTERCONTACT SERVICES s\u2019est positionn\u00e9e pour mettre \u00e0 la disposition de sa client\u00e8le des services performants en phase avec l\u2019\u00e9volution du monde. La cr\u00e9ation r\u00e9cente de la Banque des CVs EUREKA, en collaboration avec le groupe de presse IWACU se situe dans le cadre de cette ambition l\u00e9gitime.[\/vc_column_text][\/vc_column][\/vc_row]<\/p>\n","protected":false},"excerpt":{"rendered":"<p>[vc_row type=&#8221;container&#8221; padding_top=&#8221;&#8221; padding_bottom=&#8221;&#8221; css=&#8221;.vc_custom_1444733628179{padding-top: 50px !important;}&#8221;][vc_column][vc_column_text]INTERCONTACT SERVICES est une entreprise de services cr\u00e9\u00e9e en 1982 \u00e0 partir de l\u2019id\u00e9e de mettre en place une structure l\u00e9g\u00e8re, flexible et cr\u00e9dible susceptible de devenir avec le temps un \u00ab ONE STOP SHOP\/ GUICHET UNIQUE \u00bb\u00a0 pour les hommes d\u2019affaires en g\u00e9n\u00e9ral et \u00e9trangers en particulier. Cette [&hellip;]<\/p>\n","protected":false},"author":2,"featured_media":0,"parent":0,"menu_order":0,"comment_status":"closed","ping_status":"closed","template":"page-right-sidebar.php","meta":{"_monsterinsights_skip_tracking":false,"_monsterinsights_sitenote_active":false,"_monsterinsights_sitenote_note":"","_monsterinsights_sitenote_category":0,"_uf_show_specific_survey":0,"_uf_disable_surveys":false,"footnotes":""},"acf":[],"aioseo_notices":[],"_links":{"self":[{"href":"https:\/\/intercontactservices.com\/interhuman\/wp-json\/wp\/v2\/pages\/69"}],"collection":[{"href":"https:\/\/intercontactservices.com\/interhuman\/wp-json\/wp\/v2\/pages"}],"about":[{"href":"https:\/\/intercontactservices.com\/interhuman\/wp-json\/wp\/v2\/types\/page"}],"author":[{"embeddable":true,"href":"https:\/\/intercontactservices.com\/interhuman\/wp-json\/wp\/v2\/users\/2"}],"replies":[{"embeddable":true,"href":"https:\/\/intercontactservices.com\/interhuman\/wp-json\/wp\/v2\/comments?post=69"}],"version-history":[{"count":9,"href":"https:\/\/intercontactservices.com\/interhuman\/wp-json\/wp\/v2\/pages\/69\/revisions"}],"predecessor-version":[{"id":73092,"href":"https:\/\/intercontactservices.com\/interhuman\/wp-json\/wp\/v2\/pages\/69\/revisions\/73092"}],"wp:attachment":[{"href":"https:\/\/intercontactservices.com\/interhuman\/wp-json\/wp\/v2\/media?parent=69"}],"curies":[{"name":"wp","href":"https:\/\/api.w.org\/{rel}","templated":true}]}}