{"id":70957,"date":"2017-03-13T11:55:03","date_gmt":"2017-03-13T11:55:03","guid":{"rendered":"http:\/\/intercontactservices.com\/?page_id=70957"},"modified":"2019-03-14T06:52:24","modified_gmt":"2019-03-14T06:52:24","slug":"appels-doffres","status":"publish","type":"page","link":"https:\/\/intercontactservices.com\/interhuman\/appels-doffres\/","title":{"rendered":"Appels d&#8217;offres"},"content":{"rendered":"<div class=\"job_listings\" data-location=\"\" data-keywords=\"\" data-show_filters=\"false\" data-show_pagination=\"false\" data-per_page=\"12\" data-orderby=\"deadline\" data-order=\"asc\" data-categories=\"\" data-disable-form-state-storage=\"\" data-post_id=\"78217\" ><ul class=\"job_listings\">\n<li class=\"post-78205 job_listing type-job_listing status-publish hentry\" data-longitude=\"\" data-latitude=\"\">\n\t<a href=\"https:\/\/intercontactservices.com\/interhuman\/poste\/avis-dappel-doffres-national-ouvert-pour-la-fourniture-des-intrants-nutritionnels\/\">\n\t\t<img decoding=\"async\" class=\"company_logo\" src=\"https:\/\/intercontactservices.com\/interhuman\/wp-content\/plugins\/wp-job-manager\/assets\/images\/company.png\" alt=\"WORLD VISION\" \/>\t\t<div class=\"position\">\n\t\t\t<h3>Avis d\u2019appel d\u2019offres (national ouvert) pour la fourniture Des intrants nutritionnels<\/h3>\n\t\t\t<div class=\"company\">\n\t\t\t\t<strong>WORLD VISION<\/strong> \t\t\t\t\t\t\t<\/div>\n\t\t<\/div>\n\t\t<div class=\"location\">\n\t\t\tN\u2019importe o\u00f9\t\t<\/div>\n\t\t<ul class=\"meta\">\n\t\t\t\n\t\t\t\n\t\t\t<li class=\"date\"><time datetime=\"2026-04-16\">Publi\u00e9 le 16 avril 2026<\/time><\/li>\n\n\t\t\t<li class=\"application-deadline expiring expired\"><label>Closed:<\/label> 16 Avr 2026<\/li>\t\t<\/ul>\n\t<\/a>\n<\/li>\n<li class=\"post-78217 job_listing type-job_listing status-publish hentry\" data-longitude=\"\" data-latitude=\"\">\n\t<a href=\"https:\/\/intercontactservices.com\/interhuman\/poste\/avis-dappel-doffres-ouvert-national-pour-le-recrutement-dun-cabinet-daudit-dudit-projet-pour-la-periode-du-1er-janvier-2025-au-30-juin-2026\/\">\n\t\t<img decoding=\"async\" class=\"company_logo\" src=\"https:\/\/intercontactservices.com\/interhuman\/wp-content\/plugins\/wp-job-manager\/assets\/images\/company.png\" alt=\"CORDAID\" \/>\t\t<div class=\"position\">\n\t\t\t<h3>Avis d\u2019appel d\u2019offres ouvert national pour le recrutement d\u2019un cabinet d\u2019audit dudit projet pour la p\u00e9riode du 1er janvier 2025 au 30 juin 2026<\/h3>\n\t\t\t<div class=\"company\">\n\t\t\t\t<strong>CORDAID<\/strong> \t\t\t\t\t\t\t<\/div>\n\t\t<\/div>\n\t\t<div class=\"location\">\n\t\t\tN\u2019importe o\u00f9\t\t<\/div>\n\t\t<ul class=\"meta\">\n\t\t\t\n\t\t\t\n\t\t\t<li class=\"date\"><time datetime=\"2026-04-17\">Publi\u00e9 le 17 avril 2026<\/time><\/li>\n\n\t\t\t<li class=\"application-deadline  \"><label>Date limite:<\/label> 17 Mai 2026<\/li>\t\t<\/ul>\n\t<\/a>\n<\/li>\n<\/ul>\n<\/div>\n","protected":false},"excerpt":{"rendered":"DOSSIER D\u2019APPEL D\u2019OFFRES OUVERT NATIONAL\u00a0: RECRUTEMENT D\u2019UN CABINET POUR REALISER L\u2019AUDIT FINANCIER DU PROJET \u00ab\u00a0ACC\u00c8S \u00c0 LA JUSTICE DES VULN\u00c9RABLES ET DES VICTIMES DES VIOLATIONS DES DROITS HUMAINS. \u00bb POUR LA P\u00c9RIODE DU 1ER JANVIER 2025 AU 30 JUIN 2026. R\u00e9f\u00a0: N\u00b0 CORDAID-BDI- CBU04\/201156\/2025\/003 Date de publication\u00a0: Le\u00a017\/04\/2026. \u00a0\u00a0\u00a0\u00a0\u00a0\u00a0\u00a0\u00a0\u00a0\u00a0\u00a0 Avis d\u2019appel d\u2019offres ouvert national Contexte [...]","protected":false},"author":2,"featured_media":0,"parent":0,"menu_order":0,"comment_status":"closed","ping_status":"closed","template":"page-right-sidebar.php","meta":{"_monsterinsights_skip_tracking":false,"_monsterinsights_sitenote_active":false,"_monsterinsights_sitenote_note":"","_monsterinsights_sitenote_category":0,"_uf_show_specific_survey":0,"_uf_disable_surveys":false,"footnotes":""},"acf":[],"aioseo_notices":[],"_links":{"self":[{"href":"https:\/\/intercontactservices.com\/interhuman\/wp-json\/wp\/v2\/pages\/70957"}],"collection":[{"href":"https:\/\/intercontactservices.com\/interhuman\/wp-json\/wp\/v2\/pages"}],"about":[{"href":"https:\/\/intercontactservices.com\/interhuman\/wp-json\/wp\/v2\/types\/page"}],"author":[{"embeddable":true,"href":"https:\/\/intercontactservices.com\/interhuman\/wp-json\/wp\/v2\/users\/2"}],"replies":[{"embeddable":true,"href":"https:\/\/intercontactservices.com\/interhuman\/wp-json\/wp\/v2\/comments?post=70957"}],"version-history":[{"count":6,"href":"https:\/\/intercontactservices.com\/interhuman\/wp-json\/wp\/v2\/pages\/70957\/revisions"}],"predecessor-version":[{"id":72332,"href":"https:\/\/intercontactservices.com\/interhuman\/wp-json\/wp\/v2\/pages\/70957\/revisions\/72332"}],"wp:attachment":[{"href":"https:\/\/intercontactservices.com\/interhuman\/wp-json\/wp\/v2\/media?parent=70957"}],"curies":[{"name":"wp","href":"https:\/\/api.w.org\/{rel}","templated":true}]}}